{"id":27237,"date":"2024-01-25T16:21:28","date_gmt":"2024-01-25T16:21:28","guid":{"rendered":"https:\/\/madridartesdigitales.com\/?page_id=27237"},"modified":"2024-01-25T16:38:46","modified_gmt":"2024-01-25T16:38:46","slug":"expositions-internationales","status":"publish","type":"page","link":"https:\/\/madridartesdigitales.com\/fr\/expositions-internationales\/","title":{"rendered":"Expositions Internationales"},"content":{"rendered":"\t\t<div data-elementor-type=\"wp-page\" data-elementor-id=\"27237\" class=\"elementor elementor-27237\" data-elementor-post-type=\"page\">\n\t\t\t\t\t\t<section class=\"elementor-section-with-custom-width elementor-section elementor-top-section elementor-element elementor-element-00e081b elementor-section-height-min-height elementor-section-content-middle elementor-section-boxed elementor-section-height-default elementor-section-items-middle sc_fly_static\" data-id=\"00e081b\" data-element_type=\"section\" data-e-type=\"section\" data-settings=\"{&quot;background_background&quot;:&quot;classic&quot;}\">\n\t\t\t\t\t\t\t<div class=\"elementor-background-overlay\"><\/div>\n\t\t\t\t\t\t\t<div class=\"elementor-container elementor-column-gap-extended\">\n\t\t\t\t\t<div class=\"elementor-column elementor-col-100 elementor-top-column elementor-element elementor-element-945118e sc_content_align_inherit sc_layouts_column_icons_position_left sc_fly_static\" data-id=\"945118e\" data-element_type=\"column\" data-e-type=\"column\">\n\t\t\t<div class=\"elementor-widget-wrap elementor-element-populated\">\n\t\t\t\t\t\t<section class=\"elementor-section elementor-inner-section elementor-element elementor-element-49b2641 elementor-section-boxed elementor-section-height-default elementor-section-height-default sc_fly_static\" data-id=\"49b2641\" data-element_type=\"section\" data-e-type=\"section\">\n\t\t\t\t\t\t<div class=\"elementor-container elementor-column-gap-extended\">\n\t\t\t\t\t<div class=\"elementor-column elementor-col-100 elementor-inner-column elementor-element elementor-element-004ca45 sc_content_align_inherit sc_layouts_column_icons_position_left sc_fly_static\" data-id=\"004ca45\" data-element_type=\"column\" data-e-type=\"column\">\n\t\t\t<div class=\"elementor-widget-wrap elementor-element-populated\">\n\t\t\t\t\t\t<div data-animation-type=\"block\" class=\"elementor-element elementor-element-3240132 animation_type_block sc_fly_static elementor-invisible elementor-widget elementor-widget-heading\" data-id=\"3240132\" data-element_type=\"widget\" data-e-type=\"widget\" data-settings=\"{&quot;_animation&quot;:&quot;qwery-fadeinup&quot;}\" data-widget_type=\"heading.default\">\n\t\t\t\t<div class=\"elementor-widget-container\">\n\t\t\t\t\t<h1 class=\"elementor-heading-title elementor-size-default\">Expositions Internationales<\/h1>\t\t\t\t<\/div>\n\t\t\t\t<\/div>\n\t\t\t\t<div class=\"elementor-element elementor-element-b2912f3 sc_fly_static elementor-widget elementor-widget-spacer\" data-id=\"b2912f3\" data-element_type=\"widget\" data-e-type=\"widget\" data-widget_type=\"spacer.default\">\n\t\t\t\t<div class=\"elementor-widget-container\">\n\t\t\t\t\t\t\t<div class=\"elementor-spacer\">\n\t\t\t<div class=\"elementor-spacer-inner\"><\/div>\n\t\t<\/div>\n\t\t\t\t\t\t<\/div>\n\t\t\t\t<\/div>\n\t\t\t\t<div data-animation-type=\"block\" class=\"elementor-element elementor-element-d43559b animation_type_block sc_fly_static elementor-invisible elementor-widget elementor-widget-text-editor\" data-id=\"d43559b\" data-element_type=\"widget\" data-e-type=\"widget\" data-settings=\"{&quot;_animation&quot;:&quot;qwery-fadeinup&quot;}\" data-widget_type=\"text-editor.default\">\n\t\t\t\t<div class=\"elementor-widget-container\">\n\t\t\t\t\t\t\t\t\t<p>MAD \u00e9largit ses fronti\u00e8res en pr\u00e9sentant ses <strong>expositions internationales<\/strong> immersives dans des villes du monde entier.<\/p>\t\t\t\t\t\t\t\t<\/div>\n\t\t\t\t<\/div>\n\t\t\t\t\t<\/div>\n\t\t<\/div>\n\t\t\t\t\t<\/div>\n\t\t<\/section>\n\t\t\t\t<div class=\"elementor-element elementor-element-78731d6 sc_fly_static elementor-widget elementor-widget-spacer\" data-id=\"78731d6\" data-element_type=\"widget\" data-e-type=\"widget\" data-widget_type=\"spacer.default\">\n\t\t\t\t<div class=\"elementor-widget-container\">\n\t\t\t\t\t\t\t<div class=\"elementor-spacer\">\n\t\t\t<div class=\"elementor-spacer-inner\"><\/div>\n\t\t<\/div>\n\t\t\t\t\t\t<\/div>\n\t\t\t\t<\/div>\n\t\t\t\t<section class=\"elementor-section elementor-inner-section elementor-element elementor-element-b495c5c elementor-section-boxed elementor-section-height-default elementor-section-height-default sc_fly_static\" data-id=\"b495c5c\" data-element_type=\"section\" data-e-type=\"section\">\n\t\t\t\t\t\t<div class=\"elementor-container elementor-column-gap-wider\">\n\t\t\t\t\t<div data-animation-type=\"block\" class=\"elementor-column elementor-col-50 elementor-inner-column elementor-element elementor-element-460d903 sc_content_align_inherit sc_layouts_column_icons_position_left animation_type_block sc_fly_static elementor-invisible\" data-id=\"460d903\" data-element_type=\"column\" data-e-type=\"column\" data-settings=\"{&quot;animation&quot;:&quot;qwery-fadeinup&quot;}\">\n\t\t\t<div class=\"elementor-widget-wrap elementor-element-populated\">\n\t\t\t\t\t\t<div class=\"elementor-element elementor-element-12f54a8 sc_fly_static elementor-widget elementor-widget-image\" data-id=\"12f54a8\" data-element_type=\"widget\" data-e-type=\"widget\" data-widget_type=\"image.default\">\n\t\t\t\t<div class=\"elementor-widget-container\">\n\t\t\t\t\t\t\t\t\t\t\t\t\t\t\t\t<a href=\"https:\/\/madridartesdigitales.com\/fr\/toutankhamun-autres-villes\/\">\n\t\t\t\t\t\t\t<img fetchpriority=\"high\" decoding=\"async\" width=\"612\" height=\"859\" src=\"https:\/\/madridartesdigitales.com\/wp-content\/uploads\/2024\/01\/MAD-Tutankamon-International-Poster_Mesa-de-trabajo-1.jpg\" class=\"attachment-large size-large wp-image-27220\" alt=\"\" srcset=\"https:\/\/madridartesdigitales.com\/wp-content\/uploads\/2024\/01\/MAD-Tutankamon-International-Poster_Mesa-de-trabajo-1.jpg 612w, https:\/\/madridartesdigitales.com\/wp-content\/uploads\/2024\/01\/MAD-Tutankamon-International-Poster_Mesa-de-trabajo-1-214x300.jpg 214w, https:\/\/madridartesdigitales.com\/wp-content\/uploads\/2024\/01\/MAD-Tutankamon-International-Poster_Mesa-de-trabajo-1-370x519.jpg 370w, https:\/\/madridartesdigitales.com\/wp-content\/uploads\/2024\/01\/MAD-Tutankamon-International-Poster_Mesa-de-trabajo-1-410x575.jpg 410w\" sizes=\"(max-width: 612px) 100vw, 612px\" \/>\t\t\t\t\t\t\t\t<\/a>\n\t\t\t\t\t\t\t\t\t\t\t\t\t\t\t<\/div>\n\t\t\t\t<\/div>\n\t\t\t\t<div class=\"elementor-element elementor-element-34c1064 sc_fly_static elementor-widget elementor-widget-spacer\" data-id=\"34c1064\" data-element_type=\"widget\" data-e-type=\"widget\" data-widget_type=\"spacer.default\">\n\t\t\t\t<div class=\"elementor-widget-container\">\n\t\t\t\t\t\t\t<div class=\"elementor-spacer\">\n\t\t\t<div class=\"elementor-spacer-inner\"><\/div>\n\t\t<\/div>\n\t\t\t\t\t\t<\/div>\n\t\t\t\t<\/div>\n\t\t\t\t<div class=\"elementor-element elementor-element-517f084 elementor-align-center sc_fly_static elementor-widget elementor-widget-button\" data-id=\"517f084\" data-element_type=\"widget\" data-e-type=\"widget\" data-widget_type=\"button.default\">\n\t\t\t\t<div class=\"elementor-widget-container\">\n\t\t\t\t\t\t\t\t\t<div class=\"elementor-button-wrapper\">\n\t\t\t\t\t<a class=\"elementor-button elementor-button-link elementor-size-sm\" href=\"https:\/\/madridartesdigitales.com\/fr\/toutankhamun-autres-villes\/\">\n\t\t\t\t\t\t<span class=\"elementor-button-content-wrapper\">\n\t\t\t\t\t\t\t\t\t<span class=\"elementor-button-text\">En savoir plus<\/span>\n\t\t\t\t\t<\/span>\n\t\t\t\t\t<\/a>\n\t\t\t\t<\/div>\n\t\t\t\t\t\t\t\t<\/div>\n\t\t\t\t<\/div>\n\t\t\t\t\t<\/div>\n\t\t<\/div>\n\t\t\t\t<div data-animation-type=\"block\" class=\"elementor-column elementor-col-50 elementor-inner-column elementor-element elementor-element-0dc0fa7 sc_content_align_inherit sc_layouts_column_icons_position_left animation_type_block sc_fly_static elementor-invisible\" data-id=\"0dc0fa7\" data-element_type=\"column\" data-e-type=\"column\" data-settings=\"{&quot;animation&quot;:&quot;qwery-fadeinup&quot;,&quot;animation_delay&quot;:100}\">\n\t\t\t<div class=\"elementor-widget-wrap elementor-element-populated\">\n\t\t\t\t\t\t<div class=\"elementor-element elementor-element-b339aeb sc_fly_static elementor-widget elementor-widget-image\" data-id=\"b339aeb\" data-element_type=\"widget\" data-e-type=\"widget\" data-widget_type=\"image.default\">\n\t\t\t\t<div class=\"elementor-widget-container\">\n\t\t\t\t\t\t\t\t\t\t\t\t\t\t\t<img decoding=\"async\" width=\"729\" height=\"1024\" src=\"https:\/\/madridartesdigitales.com\/wp-content\/uploads\/2024\/01\/MAD-Pompeya-International-Poster-729x1024.jpg\" class=\"attachment-large size-large wp-image-27221\" alt=\"\" srcset=\"https:\/\/madridartesdigitales.com\/wp-content\/uploads\/2024\/01\/MAD-Pompeya-International-Poster-729x1024.jpg 729w, https:\/\/madridartesdigitales.com\/wp-content\/uploads\/2024\/01\/MAD-Pompeya-International-Poster-214x300.jpg 214w, https:\/\/madridartesdigitales.com\/wp-content\/uploads\/2024\/01\/MAD-Pompeya-International-Poster-768x1078.jpg 768w, https:\/\/madridartesdigitales.com\/wp-content\/uploads\/2024\/01\/MAD-Pompeya-International-Poster-370x519.jpg 370w, https:\/\/madridartesdigitales.com\/wp-content\/uploads\/2024\/01\/MAD-Pompeya-International-Poster-840x1179.jpg 840w, https:\/\/madridartesdigitales.com\/wp-content\/uploads\/2024\/01\/MAD-Pompeya-International-Poster-410x576.jpg 410w, https:\/\/madridartesdigitales.com\/wp-content\/uploads\/2024\/01\/MAD-Pompeya-International-Poster.jpg 909w\" sizes=\"(max-width: 729px) 100vw, 729px\" \/>\t\t\t\t\t\t\t\t\t\t\t\t\t\t\t<\/div>\n\t\t\t\t<\/div>\n\t\t\t\t<div class=\"elementor-element elementor-element-40d9dda sc_fly_static elementor-widget elementor-widget-spacer\" data-id=\"40d9dda\" data-element_type=\"widget\" data-e-type=\"widget\" data-widget_type=\"spacer.default\">\n\t\t\t\t<div class=\"elementor-widget-container\">\n\t\t\t\t\t\t\t<div class=\"elementor-spacer\">\n\t\t\t<div class=\"elementor-spacer-inner\"><\/div>\n\t\t<\/div>\n\t\t\t\t\t\t<\/div>\n\t\t\t\t<\/div>\n\t\t\t\t<div class=\"elementor-element elementor-element-3a40cbb elementor-align-center sc_fly_static elementor-widget elementor-widget-button\" data-id=\"3a40cbb\" data-element_type=\"widget\" data-e-type=\"widget\" data-widget_type=\"button.default\">\n\t\t\t\t<div class=\"elementor-widget-container\">\n\t\t\t\t\t\t\t\t\t<div class=\"elementor-button-wrapper\">\n\t\t\t\t\t<a class=\"elementor-button elementor-size-sm\" role=\"button\">\n\t\t\t\t\t\t<span class=\"elementor-button-content-wrapper\">\n\t\t\t\t\t\t\t\t\t<span class=\"elementor-button-text\">Bient\u00f4t disponible...<\/span>\n\t\t\t\t\t<\/span>\n\t\t\t\t\t<\/a>\n\t\t\t\t<\/div>\n\t\t\t\t\t\t\t\t<\/div>\n\t\t\t\t<\/div>\n\t\t\t\t\t<\/div>\n\t\t<\/div>\n\t\t\t\t\t<\/div>\n\t\t<\/section>\n\t\t\t\t\t<\/div>\n\t\t<\/div>\n\t\t\t\t\t<\/div>\n\t\t<\/section>\n\t\t\t\t<\/div>\n\t\t","protected":false},"excerpt":{"rendered":"<p>Expositions Internationales MAD \u00e9largit ses fronti\u00e8res en pr\u00e9sentant ses expositions internationales immersives dans des villes du monde entier. En savoir plus Bient\u00f4t disponible&#8230;<\/p>\n","protected":false},"author":1,"featured_media":27127,"parent":0,"menu_order":0,"comment_status":"closed","ping_status":"closed","template":"","meta":{"content-type":"","inline_featured_image":false,"footnotes":""},"class_list":["post-27237","page","type-page","status-publish","has-post-thumbnail","hentry"],"yoast_head":"<!-- This site is optimized with the Yoast SEO plugin v27.4 - https:\/\/yoast.com\/product\/yoast-seo-wordpress\/ -->\n<title>Expositions Internationales &#8211; Madrid Artes Digitales<\/title>\n<meta name=\"description\" content=\"MAD \u00e9largit ses fronti\u00e8res en pr\u00e9sentant ses expositions internationales immersives dans des villes du monde entier.\" \/>\n<meta name=\"robots\" content=\"index, follow, max-snippet:-1, max-image-preview:large, max-video-preview:-1\" \/>\n<link rel=\"canonical\" href=\"https:\/\/madridartesdigitales.com\/fr\/expositions-internationales\/\" \/>\n<meta property=\"og:locale\" content=\"fr_FR\" \/>\n<meta property=\"og:type\" content=\"article\" \/>\n<meta property=\"og:title\" content=\"MAD - Expositions Internationales\" \/>\n<meta property=\"og:description\" content=\"MAD \u00e9largit ses fronti\u00e8res en pr\u00e9sentant ses expositions internationales immersives dans des villes du monde entier.\" \/>\n<meta property=\"og:url\" content=\"https:\/\/madridartesdigitales.com\/fr\/expositions-internationales\/\" \/>\n<meta property=\"og:site_name\" content=\"Madrid Artes Digitales\" \/>\n<meta property=\"article:publisher\" content=\"https:\/\/www.facebook.com\/MADMadridArtesDigitales\/\" \/>\n<meta property=\"article:modified_time\" content=\"2024-01-25T16:38:46+00:00\" \/>\n<meta property=\"og:image\" content=\"https:\/\/madridartesdigitales.com\/wp-content\/uploads\/2024\/01\/0001_MAD-Cities-IMG_0003_1-1024x576.jpg\" \/>\n<meta name=\"twitter:card\" content=\"summary_large_image\" \/>\n<meta name=\"twitter:title\" content=\"MAD - Expositions Internationales\" \/>\n<meta name=\"twitter:description\" content=\"MAD \u00e9largit ses fronti\u00e8res en pr\u00e9sentant ses expositions internationales immersives dans des villes du monde entier.\" \/>\n<meta name=\"twitter:image\" content=\"https:\/\/madridartesdigitales.com\/wp-content\/uploads\/2024\/01\/MAD-Grid-International-2.jpeg\" \/>\n<meta name=\"twitter:label1\" content=\"Dur\u00e9e de lecture estim\u00e9e\" \/>\n\t<meta name=\"twitter:data1\" content=\"1 minute\" \/>\n<script type=\"application\/ld+json\" class=\"yoast-schema-graph\">{\"@context\":\"https:\\\/\\\/schema.org\",\"@graph\":[{\"@type\":\"WebPage\",\"@id\":\"https:\\\/\\\/madridartesdigitales.com\\\/fr\\\/expositions-internationales\\\/\",\"url\":\"https:\\\/\\\/madridartesdigitales.com\\\/fr\\\/expositions-internationales\\\/\",\"name\":\"Expositions Internationales &#8211; Madrid Artes Digitales\",\"isPartOf\":{\"@id\":\"https:\\\/\\\/madridartesdigitales.com\\\/#website\"},\"primaryImageOfPage\":{\"@id\":\"https:\\\/\\\/madridartesdigitales.com\\\/fr\\\/expositions-internationales\\\/#primaryimage\"},\"image\":{\"@id\":\"https:\\\/\\\/madridartesdigitales.com\\\/fr\\\/expositions-internationales\\\/#primaryimage\"},\"thumbnailUrl\":\"https:\\\/\\\/madridartesdigitales.com\\\/wp-content\\\/uploads\\\/2024\\\/01\\\/MAD-Grid-International-2.jpeg\",\"datePublished\":\"2024-01-25T16:21:28+00:00\",\"dateModified\":\"2024-01-25T16:38:46+00:00\",\"description\":\"MAD \u00e9largit ses fronti\u00e8res en pr\u00e9sentant ses expositions internationales immersives dans des villes du monde entier.\",\"breadcrumb\":{\"@id\":\"https:\\\/\\\/madridartesdigitales.com\\\/fr\\\/expositions-internationales\\\/#breadcrumb\"},\"inLanguage\":\"fr-FR\",\"potentialAction\":[{\"@type\":\"ReadAction\",\"target\":[\"https:\\\/\\\/madridartesdigitales.com\\\/fr\\\/expositions-internationales\\\/\"]}]},{\"@type\":\"ImageObject\",\"inLanguage\":\"fr-FR\",\"@id\":\"https:\\\/\\\/madridartesdigitales.com\\\/fr\\\/expositions-internationales\\\/#primaryimage\",\"url\":\"https:\\\/\\\/madridartesdigitales.com\\\/wp-content\\\/uploads\\\/2024\\\/01\\\/MAD-Grid-International-2.jpeg\",\"contentUrl\":\"https:\\\/\\\/madridartesdigitales.com\\\/wp-content\\\/uploads\\\/2024\\\/01\\\/MAD-Grid-International-2.jpeg\",\"width\":362,\"height\":386},{\"@type\":\"BreadcrumbList\",\"@id\":\"https:\\\/\\\/madridartesdigitales.com\\\/fr\\\/expositions-internationales\\\/#breadcrumb\",\"itemListElement\":[{\"@type\":\"ListItem\",\"position\":1,\"name\":\"Home\",\"item\":\"https:\\\/\\\/madridartesdigitales.com\\\/en\\\/\"},{\"@type\":\"ListItem\",\"position\":2,\"name\":\"Expositions Internationales\"}]},{\"@type\":\"WebSite\",\"@id\":\"https:\\\/\\\/madridartesdigitales.com\\\/#website\",\"url\":\"https:\\\/\\\/madridartesdigitales.com\\\/\",\"name\":\"Madrid Artes Digitales\",\"description\":\"Exposiciones inmersivas en Matadero Madrid\",\"publisher\":{\"@id\":\"https:\\\/\\\/madridartesdigitales.com\\\/#organization\"},\"alternateName\":\"MAD\",\"potentialAction\":[{\"@type\":\"SearchAction\",\"target\":{\"@type\":\"EntryPoint\",\"urlTemplate\":\"https:\\\/\\\/madridartesdigitales.com\\\/?s={search_term_string}\"},\"query-input\":{\"@type\":\"PropertyValueSpecification\",\"valueRequired\":true,\"valueName\":\"search_term_string\"}}],\"inLanguage\":\"fr-FR\"},{\"@type\":\"Organization\",\"@id\":\"https:\\\/\\\/madridartesdigitales.com\\\/#organization\",\"name\":\"Madrid Artes Digitales\",\"alternateName\":\"MAD\",\"url\":\"https:\\\/\\\/madridartesdigitales.com\\\/\",\"logo\":{\"@type\":\"ImageObject\",\"inLanguage\":\"fr-FR\",\"@id\":\"https:\\\/\\\/madridartesdigitales.com\\\/#\\\/schema\\\/logo\\\/image\\\/\",\"url\":\"https:\\\/\\\/madridartesdigitales.com\\\/wp-content\\\/uploads\\\/2022\\\/12\\\/cropped-cropped-MAD_Brand_mad-favicon.webp\",\"contentUrl\":\"https:\\\/\\\/madridartesdigitales.com\\\/wp-content\\\/uploads\\\/2022\\\/12\\\/cropped-cropped-MAD_Brand_mad-favicon.webp\",\"width\":512,\"height\":512,\"caption\":\"Madrid Artes Digitales\"},\"image\":{\"@id\":\"https:\\\/\\\/madridartesdigitales.com\\\/#\\\/schema\\\/logo\\\/image\\\/\"},\"sameAs\":[\"https:\\\/\\\/www.facebook.com\\\/MADMadridArtesDigitales\\\/\",\"https:\\\/\\\/www.instagram.com\\\/madmadridartesdigitales\",\"https:\\\/\\\/es.linkedin.com\\\/company\\\/mad-madrid-artes-digitales-centro-de-experiencias-inmersiva\"]}]}<\/script>\n<!-- \/ Yoast SEO plugin. -->","yoast_head_json":{"title":"Expositions Internationales &#8211; Madrid Artes Digitales","description":"MAD \u00e9largit ses fronti\u00e8res en pr\u00e9sentant ses expositions internationales immersives dans des villes du monde entier.","robots":{"index":"index","follow":"follow","max-snippet":"max-snippet:-1","max-image-preview":"max-image-preview:large","max-video-preview":"max-video-preview:-1"},"canonical":"https:\/\/madridartesdigitales.com\/fr\/expositions-internationales\/","og_locale":"fr_FR","og_type":"article","og_title":"MAD - Expositions Internationales","og_description":"MAD \u00e9largit ses fronti\u00e8res en pr\u00e9sentant ses expositions internationales immersives dans des villes du monde entier.","og_url":"https:\/\/madridartesdigitales.com\/fr\/expositions-internationales\/","og_site_name":"Madrid Artes Digitales","article_publisher":"https:\/\/www.facebook.com\/MADMadridArtesDigitales\/","article_modified_time":"2024-01-25T16:38:46+00:00","og_image":[{"url":"https:\/\/madridartesdigitales.com\/wp-content\/uploads\/2024\/01\/0001_MAD-Cities-IMG_0003_1-1024x576.jpg","type":"","width":"","height":""}],"twitter_card":"summary_large_image","twitter_title":"MAD - Expositions Internationales","twitter_description":"MAD \u00e9largit ses fronti\u00e8res en pr\u00e9sentant ses expositions internationales immersives dans des villes du monde entier.","twitter_image":"https:\/\/madridartesdigitales.com\/wp-content\/uploads\/2024\/01\/MAD-Grid-International-2.jpeg","twitter_misc":{"Dur\u00e9e de lecture estim\u00e9e":"1 minute"},"schema":{"@context":"https:\/\/schema.org","@graph":[{"@type":"WebPage","@id":"https:\/\/madridartesdigitales.com\/fr\/expositions-internationales\/","url":"https:\/\/madridartesdigitales.com\/fr\/expositions-internationales\/","name":"Expositions Internationales &#8211; Madrid Artes Digitales","isPartOf":{"@id":"https:\/\/madridartesdigitales.com\/#website"},"primaryImageOfPage":{"@id":"https:\/\/madridartesdigitales.com\/fr\/expositions-internationales\/#primaryimage"},"image":{"@id":"https:\/\/madridartesdigitales.com\/fr\/expositions-internationales\/#primaryimage"},"thumbnailUrl":"https:\/\/madridartesdigitales.com\/wp-content\/uploads\/2024\/01\/MAD-Grid-International-2.jpeg","datePublished":"2024-01-25T16:21:28+00:00","dateModified":"2024-01-25T16:38:46+00:00","description":"MAD \u00e9largit ses fronti\u00e8res en pr\u00e9sentant ses expositions internationales immersives dans des villes du monde entier.","breadcrumb":{"@id":"https:\/\/madridartesdigitales.com\/fr\/expositions-internationales\/#breadcrumb"},"inLanguage":"fr-FR","potentialAction":[{"@type":"ReadAction","target":["https:\/\/madridartesdigitales.com\/fr\/expositions-internationales\/"]}]},{"@type":"ImageObject","inLanguage":"fr-FR","@id":"https:\/\/madridartesdigitales.com\/fr\/expositions-internationales\/#primaryimage","url":"https:\/\/madridartesdigitales.com\/wp-content\/uploads\/2024\/01\/MAD-Grid-International-2.jpeg","contentUrl":"https:\/\/madridartesdigitales.com\/wp-content\/uploads\/2024\/01\/MAD-Grid-International-2.jpeg","width":362,"height":386},{"@type":"BreadcrumbList","@id":"https:\/\/madridartesdigitales.com\/fr\/expositions-internationales\/#breadcrumb","itemListElement":[{"@type":"ListItem","position":1,"name":"Home","item":"https:\/\/madridartesdigitales.com\/en\/"},{"@type":"ListItem","position":2,"name":"Expositions Internationales"}]},{"@type":"WebSite","@id":"https:\/\/madridartesdigitales.com\/#website","url":"https:\/\/madridartesdigitales.com\/","name":"Madrid Artes Digitales","description":"Exposiciones inmersivas en Matadero Madrid","publisher":{"@id":"https:\/\/madridartesdigitales.com\/#organization"},"alternateName":"MAD","potentialAction":[{"@type":"SearchAction","target":{"@type":"EntryPoint","urlTemplate":"https:\/\/madridartesdigitales.com\/?s={search_term_string}"},"query-input":{"@type":"PropertyValueSpecification","valueRequired":true,"valueName":"search_term_string"}}],"inLanguage":"fr-FR"},{"@type":"Organization","@id":"https:\/\/madridartesdigitales.com\/#organization","name":"Madrid Artes Digitales","alternateName":"MAD","url":"https:\/\/madridartesdigitales.com\/","logo":{"@type":"ImageObject","inLanguage":"fr-FR","@id":"https:\/\/madridartesdigitales.com\/#\/schema\/logo\/image\/","url":"https:\/\/madridartesdigitales.com\/wp-content\/uploads\/2022\/12\/cropped-cropped-MAD_Brand_mad-favicon.webp","contentUrl":"https:\/\/madridartesdigitales.com\/wp-content\/uploads\/2022\/12\/cropped-cropped-MAD_Brand_mad-favicon.webp","width":512,"height":512,"caption":"Madrid Artes Digitales"},"image":{"@id":"https:\/\/madridartesdigitales.com\/#\/schema\/logo\/image\/"},"sameAs":["https:\/\/www.facebook.com\/MADMadridArtesDigitales\/","https:\/\/www.instagram.com\/madmadridartesdigitales","https:\/\/es.linkedin.com\/company\/mad-madrid-artes-digitales-centro-de-experiencias-inmersiva"]}]}},"_links":{"self":[{"href":"https:\/\/madridartesdigitales.com\/fr\/wp-json\/wp\/v2\/pages\/27237","targetHints":{"allow":["GET"]}}],"collection":[{"href":"https:\/\/madridartesdigitales.com\/fr\/wp-json\/wp\/v2\/pages"}],"about":[{"href":"https:\/\/madridartesdigitales.com\/fr\/wp-json\/wp\/v2\/types\/page"}],"author":[{"embeddable":true,"href":"https:\/\/madridartesdigitales.com\/fr\/wp-json\/wp\/v2\/users\/1"}],"replies":[{"embeddable":true,"href":"https:\/\/madridartesdigitales.com\/fr\/wp-json\/wp\/v2\/comments?post=27237"}],"version-history":[{"count":11,"href":"https:\/\/madridartesdigitales.com\/fr\/wp-json\/wp\/v2\/pages\/27237\/revisions"}],"predecessor-version":[{"id":27276,"href":"https:\/\/madridartesdigitales.com\/fr\/wp-json\/wp\/v2\/pages\/27237\/revisions\/27276"}],"wp:featuredmedia":[{"embeddable":true,"href":"https:\/\/madridartesdigitales.com\/fr\/wp-json\/wp\/v2\/media\/27127"}],"wp:attachment":[{"href":"https:\/\/madridartesdigitales.com\/fr\/wp-json\/wp\/v2\/media?parent=27237"}],"curies":[{"name":"wp","href":"https:\/\/api.w.org\/{rel}","templated":true}]}}