{"id":23577,"date":"2023-02-01T14:41:26","date_gmt":"2023-02-01T14:41:26","guid":{"rendered":"https:\/\/leadersofnow.com\/?page_id=23577"},"modified":"2023-02-02T16:43:32","modified_gmt":"2023-02-02T16:43:32","slug":"mad-live-sessions","status":"publish","type":"page","link":"https:\/\/madridartesdigitales.com\/fr\/expositions\/mad-live-sessions\/","title":{"rendered":"Mad Live Sessions"},"content":{"rendered":"\t\t<div data-elementor-type=\"wp-page\" data-elementor-id=\"23577\" class=\"elementor elementor-23577\" data-elementor-post-type=\"page\">\n\t\t\t\t\t\t<section data-animation-type=\"block\" class=\"elementor-section elementor-top-section elementor-element elementor-element-bc4573e header-home-section elementor-section-boxed elementor-section-height-default elementor-section-height-default animation_type_block sc_fly_static elementor-invisible\" data-id=\"bc4573e\" data-element_type=\"section\" data-e-type=\"section\" data-settings=\"{&quot;background_background&quot;:&quot;classic&quot;,&quot;animation&quot;:&quot;fadeIn&quot;}\">\n\t\t\t\t\t\t\t<div class=\"elementor-background-overlay\"><\/div>\n\t\t\t\t\t\t\t<div class=\"elementor-container elementor-column-gap-extended\">\n\t\t\t\t\t<div class=\"elementor-column elementor-col-100 elementor-top-column elementor-element elementor-element-6d19eef sc_content_align_inherit sc_layouts_column_icons_position_left sc_fly_static\" data-id=\"6d19eef\" data-element_type=\"column\" data-e-type=\"column\">\n\t\t\t<div class=\"elementor-widget-wrap\">\n\t\t\t\t\t\t\t<\/div>\n\t\t<\/div>\n\t\t\t\t\t<\/div>\n\t\t<\/section>\n\t\t\t\t<section class=\"elementor-section-with-custom-width elementor-section elementor-top-section elementor-element elementor-element-ef25ff0 elementor-section-boxed elementor-section-height-default elementor-section-height-default sc_fly_static\" data-id=\"ef25ff0\" data-element_type=\"section\" data-e-type=\"section\" data-settings=\"{&quot;background_background&quot;:&quot;classic&quot;}\">\n\t\t\t\t\t\t\t<div class=\"elementor-background-overlay\"><\/div>\n\t\t\t\t\t\t\t<div class=\"elementor-container elementor-column-gap-extended\">\n\t\t\t\t\t<div class=\"elementor-column elementor-col-100 elementor-top-column elementor-element elementor-element-811c99c sc_content_align_inherit sc_layouts_column_icons_position_left sc_fly_static\" data-id=\"811c99c\" data-element_type=\"column\" data-e-type=\"column\">\n\t\t\t<div class=\"elementor-widget-wrap elementor-element-populated\">\n\t\t\t\t\t\t<div class=\"elementor-element elementor-element-d8526ba sc_fly_static elementor-widget elementor-widget-spacer\" data-id=\"d8526ba\" data-element_type=\"widget\" data-e-type=\"widget\" data-widget_type=\"spacer.default\">\n\t\t\t\t<div class=\"elementor-widget-container\">\n\t\t\t\t\t\t\t<div class=\"elementor-spacer\">\n\t\t\t<div class=\"elementor-spacer-inner\"><\/div>\n\t\t<\/div>\n\t\t\t\t\t\t<\/div>\n\t\t\t\t<\/div>\n\t\t\t\t<div data-animation-type=\"block\" class=\"elementor-element elementor-element-175975b animation_type_block sc_fly_static elementor-invisible elementor-widget elementor-widget-heading\" data-id=\"175975b\" data-element_type=\"widget\" data-e-type=\"widget\" data-settings=\"{&quot;_animation&quot;:&quot;qwery-fadeinleft&quot;}\" data-widget_type=\"heading.default\">\n\t\t\t\t<div class=\"elementor-widget-container\">\n\t\t\t\t\t<h2 class=\"elementor-heading-title elementor-size-default\">Mad Live Sessions<\/h2>\t\t\t\t<\/div>\n\t\t\t\t<\/div>\n\t\t\t\t<div class=\"elementor-element elementor-element-7cff624 sc_fly_static elementor-widget elementor-widget-spacer\" data-id=\"7cff624\" data-element_type=\"widget\" data-e-type=\"widget\" data-widget_type=\"spacer.default\">\n\t\t\t\t<div class=\"elementor-widget-container\">\n\t\t\t\t\t\t\t<div class=\"elementor-spacer\">\n\t\t\t<div class=\"elementor-spacer-inner\"><\/div>\n\t\t<\/div>\n\t\t\t\t\t\t<\/div>\n\t\t\t\t<\/div>\n\t\t\t\t<div data-animation-type=\"block\" class=\"elementor-element elementor-element-83d7b10 elementor-icon-list--layout-inline elementor-align-start elementor-list-item-link-full_width animation_type_block sc_fly_static elementor-invisible elementor-widget elementor-widget-icon-list\" data-id=\"83d7b10\" data-element_type=\"widget\" data-e-type=\"widget\" data-settings=\"{&quot;_animation&quot;:&quot;qwery-fadeinleft&quot;}\" data-widget_type=\"icon-list.default\">\n\t\t\t\t<div class=\"elementor-widget-container\">\n\t\t\t\t\t\t\t<ul class=\"elementor-icon-list-items elementor-inline-items\">\n\t\t\t\t\t\t\t<li class=\"elementor-icon-list-item elementor-inline-item\">\n\t\t\t\t\t\t\t\t\t\t\t<span class=\"elementor-icon-list-icon\">\n\t\t\t\t\t\t\t<i aria-hidden=\"true\" class=\"far fa-calendar-alt\"><\/i>\t\t\t\t\t\t<\/span>\n\t\t\t\t\t\t\t\t\t\t<span class=\"elementor-icon-list-text\">2022<\/span>\n\t\t\t\t\t\t\t\t\t<\/li>\n\t\t\t\t\t\t<\/ul>\n\t\t\t\t\t\t<\/div>\n\t\t\t\t<\/div>\n\t\t\t\t<div class=\"elementor-element elementor-element-a81078b sc_fly_static elementor-widget elementor-widget-spacer\" data-id=\"a81078b\" data-element_type=\"widget\" data-e-type=\"widget\" data-widget_type=\"spacer.default\">\n\t\t\t\t<div class=\"elementor-widget-container\">\n\t\t\t\t\t\t\t<div class=\"elementor-spacer\">\n\t\t\t<div class=\"elementor-spacer-inner\"><\/div>\n\t\t<\/div>\n\t\t\t\t\t\t<\/div>\n\t\t\t\t<\/div>\n\t\t\t\t<div data-animation-type=\"block\" class=\"elementor-element elementor-element-8084c33 sc_layouts_hide_on_mobile animation_type_block sc_fly_static elementor-invisible elementor-widget elementor-widget-text-editor\" data-id=\"8084c33\" data-element_type=\"widget\" data-e-type=\"widget\" data-settings=\"{&quot;_animation&quot;:&quot;qwery-fadeinright&quot;,&quot;_animation_delay&quot;:50}\" data-widget_type=\"text-editor.default\">\n\t\t\t\t<div class=\"elementor-widget-container\">\n\t\t\t\t\t\t\t\t\t<p><strong>MAD, Madrid Artes Digitales<\/strong> a c\u00e9l\u00e9br\u00e9 la Journ\u00e9e europ\u00e9enne de la Musique\u00a0avec une proposition audiovisuelle innovante accompagn\u00e9e de musique.\u00a0<strong>MAD LIVE SESSIONS<\/strong>, cette fois-ci organis\u00e9 par le collectif <strong>Jokkoo<\/strong>,\u00a0avec des projections immersives g\u00e9n\u00e9r\u00e9es en temps r\u00e9el par les\u00a0artistes visuels <strong>Jordi Mass\u00f3<\/strong> et\u00a0<strong>Marcel Bago.<\/strong><\/p>\t\t\t\t\t\t\t\t<\/div>\n\t\t\t\t<\/div>\n\t\t\t\t<div data-animation-type=\"block\" class=\"elementor-element elementor-element-2d3c310 sc_layouts_hide_on_wide sc_layouts_hide_on_desktop sc_layouts_hide_on_notebook sc_layouts_hide_on_tablet animation_type_block sc_fly_static elementor-invisible elementor-widget elementor-widget-text-editor\" data-id=\"2d3c310\" data-element_type=\"widget\" data-e-type=\"widget\" data-settings=\"{&quot;_animation&quot;:&quot;qwery-fadeinright&quot;,&quot;_animation_delay&quot;:50}\" data-widget_type=\"text-editor.default\">\n\t\t\t\t<div class=\"elementor-widget-container\">\n\t\t\t\t\t\t\t\t\t<p><strong>MAD, Madrid Artes Digitales<\/strong> a c\u00e9l\u00e9br\u00e9 <strong>MAD LIVE SESSIONS<\/strong>, cette fois-ci organis\u00e9 par le collectif <strong>Jokkoo<\/strong>,\u00a0avec des projections immersives g\u00e9n\u00e9r\u00e9es en temps r\u00e9el par les\u00a0artistes visuels <strong>Jordi Mass\u00f3<\/strong> et\u00a0<strong>Marcel Bago.<\/strong><\/p>\t\t\t\t\t\t\t\t<\/div>\n\t\t\t\t<\/div>\n\t\t\t\t<div class=\"elementor-element elementor-element-6036fb8 sc_fly_static elementor-widget elementor-widget-spacer\" data-id=\"6036fb8\" data-element_type=\"widget\" data-e-type=\"widget\" data-widget_type=\"spacer.default\">\n\t\t\t\t<div class=\"elementor-widget-container\">\n\t\t\t\t\t\t\t<div class=\"elementor-spacer\">\n\t\t\t<div class=\"elementor-spacer-inner\"><\/div>\n\t\t<\/div>\n\t\t\t\t\t\t<\/div>\n\t\t\t\t<\/div>\n\t\t\t\t<div data-animation-type=\"block\" class=\"elementor-element elementor-element-bb0f78b slider-exposicion elementor-arrows-position-inside animation_type_block sc_fly_static elementor-invisible elementor-widget elementor-widget-image-carousel\" data-id=\"bb0f78b\" data-element_type=\"widget\" data-e-type=\"widget\" data-settings=\"{&quot;slides_to_show&quot;:&quot;1&quot;,&quot;navigation&quot;:&quot;arrows&quot;,&quot;speed&quot;:1000,&quot;_animation&quot;:&quot;qwery-fadeinup&quot;,&quot;autoplay&quot;:&quot;yes&quot;,&quot;pause_on_hover&quot;:&quot;yes&quot;,&quot;pause_on_interaction&quot;:&quot;yes&quot;,&quot;autoplay_speed&quot;:5000,&quot;infinite&quot;:&quot;yes&quot;,&quot;effect&quot;:&quot;slide&quot;}\" data-widget_type=\"image-carousel.default\">\n\t\t\t\t<div class=\"elementor-widget-container\">\n\t\t\t\t\t\t\t<div class=\"elementor-image-carousel-wrapper swiper\" role=\"region\" aria-roledescription=\"carousel\" aria-label=\"Carrousel d\u2019images\" dir=\"ltr\">\n\t\t\t<div class=\"elementor-image-carousel swiper-wrapper\" aria-live=\"off\">\n\t\t\t\t\t\t\t\t<div class=\"swiper-slide\" role=\"group\" aria-roledescription=\"slide\" aria-label=\"1 sur 6\"><figure class=\"swiper-slide-inner\"><img decoding=\"async\" class=\"swiper-slide-image\" src=\"https:\/\/madridartesdigitales.com\/wp-content\/uploads\/2023\/01\/MAD_MLS_0005_6.jpg\" alt=\"MAD_MLS_0005_6\" \/><\/figure><\/div><div class=\"swiper-slide\" role=\"group\" aria-roledescription=\"slide\" aria-label=\"2 sur 6\"><figure class=\"swiper-slide-inner\"><img decoding=\"async\" class=\"swiper-slide-image\" src=\"https:\/\/madridartesdigitales.com\/wp-content\/uploads\/2023\/01\/MAD_MLS_0000_1.jpg\" alt=\"MAD_MLS_0000_1\" \/><\/figure><\/div><div class=\"swiper-slide\" role=\"group\" aria-roledescription=\"slide\" aria-label=\"3 sur 6\"><figure class=\"swiper-slide-inner\"><img decoding=\"async\" class=\"swiper-slide-image\" src=\"https:\/\/madridartesdigitales.com\/wp-content\/uploads\/2023\/01\/MAD_MLS_0003_4.jpg\" alt=\"MAD_MLS_0003_4\" \/><\/figure><\/div><div class=\"swiper-slide\" role=\"group\" aria-roledescription=\"slide\" aria-label=\"4 sur 6\"><figure class=\"swiper-slide-inner\"><img decoding=\"async\" class=\"swiper-slide-image\" src=\"https:\/\/madridartesdigitales.com\/wp-content\/uploads\/2023\/01\/MAD_MLS_0002_3.jpg\" alt=\"MAD_MLS_0002_3\" \/><\/figure><\/div><div class=\"swiper-slide\" role=\"group\" aria-roledescription=\"slide\" aria-label=\"5 sur 6\"><figure class=\"swiper-slide-inner\"><img decoding=\"async\" class=\"swiper-slide-image\" src=\"https:\/\/madridartesdigitales.com\/wp-content\/uploads\/2023\/01\/MAD_MLS_0004_5.jpg\" alt=\"MAD_MLS_0004_5\" \/><\/figure><\/div><div class=\"swiper-slide\" role=\"group\" aria-roledescription=\"slide\" aria-label=\"6 sur 6\"><figure class=\"swiper-slide-inner\"><img decoding=\"async\" class=\"swiper-slide-image\" src=\"https:\/\/madridartesdigitales.com\/wp-content\/uploads\/2023\/01\/MAD_MLS_0001_2.jpg\" alt=\"MAD_MLS_0001_2\" \/><\/figure><\/div>\t\t\t<\/div>\n\t\t\t\t\t\t\t\t\t\t\t\t<div class=\"elementor-swiper-button elementor-swiper-button-prev\" role=\"button\" tabindex=\"0\">\n\t\t\t\t\t\t<i aria-hidden=\"true\" class=\"eicon-chevron-left\"><\/i>\t\t\t\t\t<\/div>\n\t\t\t\t\t<div class=\"elementor-swiper-button elementor-swiper-button-next\" role=\"button\" tabindex=\"0\">\n\t\t\t\t\t\t<i aria-hidden=\"true\" class=\"eicon-chevron-right\"><\/i>\t\t\t\t\t<\/div>\n\t\t\t\t\n\t\t\t\t\t\t\t\t\t<\/div>\n\t\t\t\t\t\t<\/div>\n\t\t\t\t<\/div>\n\t\t\t\t<div class=\"elementor-element elementor-element-18ff948 sc_fly_static elementor-widget elementor-widget-spacer\" data-id=\"18ff948\" data-element_type=\"widget\" data-e-type=\"widget\" data-widget_type=\"spacer.default\">\n\t\t\t\t<div class=\"elementor-widget-container\">\n\t\t\t\t\t\t\t<div class=\"elementor-spacer\">\n\t\t\t<div class=\"elementor-spacer-inner\"><\/div>\n\t\t<\/div>\n\t\t\t\t\t\t<\/div>\n\t\t\t\t<\/div>\n\t\t\t\t<div data-animation-type=\"block\" class=\"elementor-element elementor-element-4e0db5e animation_type_block sc_fly_static elementor-invisible elementor-widget elementor-widget-text-editor\" data-id=\"4e0db5e\" data-element_type=\"widget\" data-e-type=\"widget\" data-settings=\"{&quot;_animation&quot;:&quot;qwery-fadeinleft&quot;}\" data-widget_type=\"text-editor.default\">\n\t\t\t\t<div class=\"elementor-widget-container\">\n\t\t\t\t\t\t\t\t\t<p><strong>Jokkoo<\/strong> est un collectif artistique musical qui est n\u00e9 avec l\u2019intention et le besoin d\u2019effectuer des recherches artistiques et de diffuser le son \u00e9lectronique le plus contemporain ainsi que la sc\u00e8ne avant-gardiste du continent africain et de sa diaspora. <strong>Baba Sy et MobDj<\/strong> nous ont invit\u00e9s \u00e0 explorer, de la urban house \u00e0 la <strong>gcom, en passant par le kwaito ou l\u2019afro-disco.<\/strong><\/p><p><strong>Jordi Mass\u00f3 et Marcel Bago,<\/strong> artistes visuels sp\u00e9cialis\u00e9s dans le <strong>vid\u00e9omapping et les\u00a0visuels en temps r\u00e9el,<\/strong> nous ont fait vivre un voyage visuel immersif, gr\u00e2ce \u00e0 la cr\u00e9ation d\u2019une sc\u00e8ne unique et totalement innovante.<\/p>\t\t\t\t\t\t\t\t<\/div>\n\t\t\t\t<\/div>\n\t\t\t\t<div class=\"elementor-element elementor-element-6452c0f0 sc_layouts_hide_on_mobile sc_fly_static elementor-widget elementor-widget-spacer\" data-id=\"6452c0f0\" data-element_type=\"widget\" data-e-type=\"widget\" data-widget_type=\"spacer.default\">\n\t\t\t\t<div class=\"elementor-widget-container\">\n\t\t\t\t\t\t\t<div class=\"elementor-spacer\">\n\t\t\t<div class=\"elementor-spacer-inner\"><\/div>\n\t\t<\/div>\n\t\t\t\t\t\t<\/div>\n\t\t\t\t<\/div>\n\t\t\t\t\t<\/div>\n\t\t<\/div>\n\t\t\t\t\t<\/div>\n\t\t<\/section>\n\t\t\t\t<\/div>\n\t\t","protected":false},"excerpt":{"rendered":"<p>Mad Live Sessions 2022 MAD, Madrid Artes Digitales a c\u00e9l\u00e9br\u00e9 la Journ\u00e9e europ\u00e9enne de la Musique&nbsp;avec une proposition audiovisuelle innovante accompagn\u00e9e de musique.&nbsp;MAD LIVE SESSIONS, cette fois-ci organis\u00e9 par le&hellip;<\/p>\n","protected":false},"author":1,"featured_media":22516,"parent":23552,"menu_order":0,"comment_status":"closed","ping_status":"closed","template":"","meta":{"content-type":"","inline_featured_image":false,"footnotes":""},"class_list":["post-23577","page","type-page","status-publish","has-post-thumbnail","hentry"],"yoast_head":"<!-- This site is optimized with the Yoast SEO plugin v27.4 - https:\/\/yoast.com\/product\/yoast-seo-wordpress\/ -->\n<title>Mad Live Sessions &#8211; Madrid Artes Digitales<\/title>\n<meta name=\"description\" content=\"MAD, Madrid Artes Digitales a c\u00e9l\u00e9br\u00e9 la Journ\u00e9e europ\u00e9enne de la Musique avec une proposition audiovisuelle innovante accompagn\u00e9e de musique.\" \/>\n<meta name=\"robots\" content=\"index, follow, max-snippet:-1, max-image-preview:large, max-video-preview:-1\" \/>\n<link rel=\"canonical\" href=\"https:\/\/madridartesdigitales.com\/agenda\/madlivesessions\/\" \/>\n<meta property=\"og:locale\" content=\"fr_FR\" \/>\n<meta property=\"og:type\" content=\"article\" \/>\n<meta property=\"og:title\" content=\"Madrid Artes Digitales - MAD Live Sessions\" \/>\n<meta property=\"og:description\" content=\"MAD, Madrid Artes Digitales a c\u00e9l\u00e9br\u00e9 la Journ\u00e9e europ\u00e9enne de la Musique avec une proposition audiovisuelle innovante accompagn\u00e9e de musique.\" \/>\n<meta property=\"og:url\" content=\"https:\/\/madridartesdigitales.com\/agenda\/madlivesessions\/\" \/>\n<meta property=\"og:site_name\" content=\"Madrid Artes Digitales\" \/>\n<meta property=\"article:publisher\" content=\"https:\/\/www.facebook.com\/MADMadridArtesDigitales\/\" \/>\n<meta property=\"article:modified_time\" content=\"2023-02-02T16:43:32+00:00\" \/>\n<meta property=\"og:image\" content=\"https:\/\/madridartesdigitales.com\/wp-content\/uploads\/2022\/12\/MAD-Expo-Live-Sessions-Thumb.jpg\" \/>\n\t<meta property=\"og:image:width\" content=\"1500\" \/>\n\t<meta property=\"og:image:height\" content=\"800\" \/>\n\t<meta property=\"og:image:type\" content=\"image\/jpeg\" \/>\n<meta name=\"twitter:card\" content=\"summary_large_image\" \/>\n<meta name=\"twitter:title\" content=\"Madrid Artes Digitales - MAD Live Sessions\" \/>\n<meta name=\"twitter:description\" content=\"MAD, Madrid Artes Digitales a c\u00e9l\u00e9br\u00e9 la Journ\u00e9e europ\u00e9enne de la Musique avec une proposition audiovisuelle innovante accompagn\u00e9e de musique.\" \/>\n<meta name=\"twitter:image\" content=\"https:\/\/madridartesdigitales.com\/wp-content\/uploads\/2022\/12\/MAD-Expo-Live-Sessions-Thumb.jpg\" \/>\n<meta name=\"twitter:label1\" content=\"Dur\u00e9e de lecture estim\u00e9e\" \/>\n\t<meta name=\"twitter:data1\" content=\"3 minutes\" \/>\n<script type=\"application\/ld+json\" class=\"yoast-schema-graph\">{\"@context\":\"https:\\\/\\\/schema.org\",\"@graph\":[{\"@type\":\"WebPage\",\"@id\":\"https:\\\/\\\/madridartesdigitales.com\\\/agenda\\\/madlivesessions\\\/\",\"url\":\"https:\\\/\\\/madridartesdigitales.com\\\/agenda\\\/madlivesessions\\\/\",\"name\":\"Mad Live Sessions &#8211; Madrid Artes Digitales\",\"isPartOf\":{\"@id\":\"https:\\\/\\\/madridartesdigitales.com\\\/#website\"},\"primaryImageOfPage\":{\"@id\":\"https:\\\/\\\/madridartesdigitales.com\\\/agenda\\\/madlivesessions\\\/#primaryimage\"},\"image\":{\"@id\":\"https:\\\/\\\/madridartesdigitales.com\\\/agenda\\\/madlivesessions\\\/#primaryimage\"},\"thumbnailUrl\":\"https:\\\/\\\/madridartesdigitales.com\\\/wp-content\\\/uploads\\\/2022\\\/12\\\/MAD-Expo-Live-Sessions-Thumb.jpg\",\"datePublished\":\"2023-02-01T14:41:26+00:00\",\"dateModified\":\"2023-02-02T16:43:32+00:00\",\"description\":\"MAD, Madrid Artes Digitales a c\u00e9l\u00e9br\u00e9 la Journ\u00e9e europ\u00e9enne de la Musique avec une proposition audiovisuelle innovante accompagn\u00e9e de musique.\",\"breadcrumb\":{\"@id\":\"https:\\\/\\\/madridartesdigitales.com\\\/agenda\\\/madlivesessions\\\/#breadcrumb\"},\"inLanguage\":\"fr-FR\",\"potentialAction\":[{\"@type\":\"ReadAction\",\"target\":[\"https:\\\/\\\/madridartesdigitales.com\\\/agenda\\\/madlivesessions\\\/\"]}]},{\"@type\":\"ImageObject\",\"inLanguage\":\"fr-FR\",\"@id\":\"https:\\\/\\\/madridartesdigitales.com\\\/agenda\\\/madlivesessions\\\/#primaryimage\",\"url\":\"https:\\\/\\\/madridartesdigitales.com\\\/wp-content\\\/uploads\\\/2022\\\/12\\\/MAD-Expo-Live-Sessions-Thumb.jpg\",\"contentUrl\":\"https:\\\/\\\/madridartesdigitales.com\\\/wp-content\\\/uploads\\\/2022\\\/12\\\/MAD-Expo-Live-Sessions-Thumb.jpg\",\"width\":1500,\"height\":800},{\"@type\":\"BreadcrumbList\",\"@id\":\"https:\\\/\\\/madridartesdigitales.com\\\/agenda\\\/madlivesessions\\\/#breadcrumb\",\"itemListElement\":[{\"@type\":\"ListItem\",\"position\":1,\"name\":\"Home\",\"item\":\"https:\\\/\\\/madridartesdigitales.com\\\/en\\\/\"},{\"@type\":\"ListItem\",\"position\":2,\"name\":\"Expositions\",\"item\":\"https:\\\/\\\/madridartesdigitales.com\\\/agenda\\\/\"},{\"@type\":\"ListItem\",\"position\":3,\"name\":\"Mad Live Sessions\"}]},{\"@type\":\"WebSite\",\"@id\":\"https:\\\/\\\/madridartesdigitales.com\\\/#website\",\"url\":\"https:\\\/\\\/madridartesdigitales.com\\\/\",\"name\":\"Madrid Artes Digitales\",\"description\":\"Exposiciones inmersivas en Matadero Madrid\",\"publisher\":{\"@id\":\"https:\\\/\\\/madridartesdigitales.com\\\/#organization\"},\"alternateName\":\"MAD\",\"potentialAction\":[{\"@type\":\"SearchAction\",\"target\":{\"@type\":\"EntryPoint\",\"urlTemplate\":\"https:\\\/\\\/madridartesdigitales.com\\\/?s={search_term_string}\"},\"query-input\":{\"@type\":\"PropertyValueSpecification\",\"valueRequired\":true,\"valueName\":\"search_term_string\"}}],\"inLanguage\":\"fr-FR\"},{\"@type\":\"Organization\",\"@id\":\"https:\\\/\\\/madridartesdigitales.com\\\/#organization\",\"name\":\"Madrid Artes Digitales\",\"alternateName\":\"MAD\",\"url\":\"https:\\\/\\\/madridartesdigitales.com\\\/\",\"logo\":{\"@type\":\"ImageObject\",\"inLanguage\":\"fr-FR\",\"@id\":\"https:\\\/\\\/madridartesdigitales.com\\\/#\\\/schema\\\/logo\\\/image\\\/\",\"url\":\"https:\\\/\\\/madridartesdigitales.com\\\/wp-content\\\/uploads\\\/2022\\\/12\\\/cropped-cropped-MAD_Brand_mad-favicon.webp\",\"contentUrl\":\"https:\\\/\\\/madridartesdigitales.com\\\/wp-content\\\/uploads\\\/2022\\\/12\\\/cropped-cropped-MAD_Brand_mad-favicon.webp\",\"width\":512,\"height\":512,\"caption\":\"Madrid Artes Digitales\"},\"image\":{\"@id\":\"https:\\\/\\\/madridartesdigitales.com\\\/#\\\/schema\\\/logo\\\/image\\\/\"},\"sameAs\":[\"https:\\\/\\\/www.facebook.com\\\/MADMadridArtesDigitales\\\/\",\"https:\\\/\\\/www.instagram.com\\\/madmadridartesdigitales\",\"https:\\\/\\\/es.linkedin.com\\\/company\\\/mad-madrid-artes-digitales-centro-de-experiencias-inmersiva\"]}]}<\/script>\n<!-- \/ Yoast SEO plugin. -->","yoast_head_json":{"title":"Mad Live Sessions &#8211; Madrid Artes Digitales","description":"MAD, Madrid Artes Digitales a c\u00e9l\u00e9br\u00e9 la Journ\u00e9e europ\u00e9enne de la Musique avec une proposition audiovisuelle innovante accompagn\u00e9e de musique.","robots":{"index":"index","follow":"follow","max-snippet":"max-snippet:-1","max-image-preview":"max-image-preview:large","max-video-preview":"max-video-preview:-1"},"canonical":"https:\/\/madridartesdigitales.com\/agenda\/madlivesessions\/","og_locale":"fr_FR","og_type":"article","og_title":"Madrid Artes Digitales - MAD Live Sessions","og_description":"MAD, Madrid Artes Digitales a c\u00e9l\u00e9br\u00e9 la Journ\u00e9e europ\u00e9enne de la Musique avec une proposition audiovisuelle innovante accompagn\u00e9e de musique.","og_url":"https:\/\/madridartesdigitales.com\/agenda\/madlivesessions\/","og_site_name":"Madrid Artes Digitales","article_publisher":"https:\/\/www.facebook.com\/MADMadridArtesDigitales\/","article_modified_time":"2023-02-02T16:43:32+00:00","og_image":[{"width":1500,"height":800,"url":"https:\/\/madridartesdigitales.com\/wp-content\/uploads\/2022\/12\/MAD-Expo-Live-Sessions-Thumb.jpg","type":"image\/jpeg"}],"twitter_card":"summary_large_image","twitter_title":"Madrid Artes Digitales - MAD Live Sessions","twitter_description":"MAD, Madrid Artes Digitales a c\u00e9l\u00e9br\u00e9 la Journ\u00e9e europ\u00e9enne de la Musique avec une proposition audiovisuelle innovante accompagn\u00e9e de musique.","twitter_image":"https:\/\/madridartesdigitales.com\/wp-content\/uploads\/2022\/12\/MAD-Expo-Live-Sessions-Thumb.jpg","twitter_misc":{"Dur\u00e9e de lecture estim\u00e9e":"3 minutes"},"schema":{"@context":"https:\/\/schema.org","@graph":[{"@type":"WebPage","@id":"https:\/\/madridartesdigitales.com\/agenda\/madlivesessions\/","url":"https:\/\/madridartesdigitales.com\/agenda\/madlivesessions\/","name":"Mad Live Sessions &#8211; Madrid Artes Digitales","isPartOf":{"@id":"https:\/\/madridartesdigitales.com\/#website"},"primaryImageOfPage":{"@id":"https:\/\/madridartesdigitales.com\/agenda\/madlivesessions\/#primaryimage"},"image":{"@id":"https:\/\/madridartesdigitales.com\/agenda\/madlivesessions\/#primaryimage"},"thumbnailUrl":"https:\/\/madridartesdigitales.com\/wp-content\/uploads\/2022\/12\/MAD-Expo-Live-Sessions-Thumb.jpg","datePublished":"2023-02-01T14:41:26+00:00","dateModified":"2023-02-02T16:43:32+00:00","description":"MAD, Madrid Artes Digitales a c\u00e9l\u00e9br\u00e9 la Journ\u00e9e europ\u00e9enne de la Musique avec une proposition audiovisuelle innovante accompagn\u00e9e de musique.","breadcrumb":{"@id":"https:\/\/madridartesdigitales.com\/agenda\/madlivesessions\/#breadcrumb"},"inLanguage":"fr-FR","potentialAction":[{"@type":"ReadAction","target":["https:\/\/madridartesdigitales.com\/agenda\/madlivesessions\/"]}]},{"@type":"ImageObject","inLanguage":"fr-FR","@id":"https:\/\/madridartesdigitales.com\/agenda\/madlivesessions\/#primaryimage","url":"https:\/\/madridartesdigitales.com\/wp-content\/uploads\/2022\/12\/MAD-Expo-Live-Sessions-Thumb.jpg","contentUrl":"https:\/\/madridartesdigitales.com\/wp-content\/uploads\/2022\/12\/MAD-Expo-Live-Sessions-Thumb.jpg","width":1500,"height":800},{"@type":"BreadcrumbList","@id":"https:\/\/madridartesdigitales.com\/agenda\/madlivesessions\/#breadcrumb","itemListElement":[{"@type":"ListItem","position":1,"name":"Home","item":"https:\/\/madridartesdigitales.com\/en\/"},{"@type":"ListItem","position":2,"name":"Expositions","item":"https:\/\/madridartesdigitales.com\/agenda\/"},{"@type":"ListItem","position":3,"name":"Mad Live Sessions"}]},{"@type":"WebSite","@id":"https:\/\/madridartesdigitales.com\/#website","url":"https:\/\/madridartesdigitales.com\/","name":"Madrid Artes Digitales","description":"Exposiciones inmersivas en Matadero Madrid","publisher":{"@id":"https:\/\/madridartesdigitales.com\/#organization"},"alternateName":"MAD","potentialAction":[{"@type":"SearchAction","target":{"@type":"EntryPoint","urlTemplate":"https:\/\/madridartesdigitales.com\/?s={search_term_string}"},"query-input":{"@type":"PropertyValueSpecification","valueRequired":true,"valueName":"search_term_string"}}],"inLanguage":"fr-FR"},{"@type":"Organization","@id":"https:\/\/madridartesdigitales.com\/#organization","name":"Madrid Artes Digitales","alternateName":"MAD","url":"https:\/\/madridartesdigitales.com\/","logo":{"@type":"ImageObject","inLanguage":"fr-FR","@id":"https:\/\/madridartesdigitales.com\/#\/schema\/logo\/image\/","url":"https:\/\/madridartesdigitales.com\/wp-content\/uploads\/2022\/12\/cropped-cropped-MAD_Brand_mad-favicon.webp","contentUrl":"https:\/\/madridartesdigitales.com\/wp-content\/uploads\/2022\/12\/cropped-cropped-MAD_Brand_mad-favicon.webp","width":512,"height":512,"caption":"Madrid Artes Digitales"},"image":{"@id":"https:\/\/madridartesdigitales.com\/#\/schema\/logo\/image\/"},"sameAs":["https:\/\/www.facebook.com\/MADMadridArtesDigitales\/","https:\/\/www.instagram.com\/madmadridartesdigitales","https:\/\/es.linkedin.com\/company\/mad-madrid-artes-digitales-centro-de-experiencias-inmersiva"]}]}},"_links":{"self":[{"href":"https:\/\/madridartesdigitales.com\/fr\/wp-json\/wp\/v2\/pages\/23577","targetHints":{"allow":["GET"]}}],"collection":[{"href":"https:\/\/madridartesdigitales.com\/fr\/wp-json\/wp\/v2\/pages"}],"about":[{"href":"https:\/\/madridartesdigitales.com\/fr\/wp-json\/wp\/v2\/types\/page"}],"author":[{"embeddable":true,"href":"https:\/\/madridartesdigitales.com\/fr\/wp-json\/wp\/v2\/users\/1"}],"replies":[{"embeddable":true,"href":"https:\/\/madridartesdigitales.com\/fr\/wp-json\/wp\/v2\/comments?post=23577"}],"version-history":[{"count":5,"href":"https:\/\/madridartesdigitales.com\/fr\/wp-json\/wp\/v2\/pages\/23577\/revisions"}],"predecessor-version":[{"id":23624,"href":"https:\/\/madridartesdigitales.com\/fr\/wp-json\/wp\/v2\/pages\/23577\/revisions\/23624"}],"up":[{"embeddable":true,"href":"https:\/\/madridartesdigitales.com\/fr\/wp-json\/wp\/v2\/pages\/23552"}],"wp:featuredmedia":[{"embeddable":true,"href":"https:\/\/madridartesdigitales.com\/fr\/wp-json\/wp\/v2\/media\/22516"}],"wp:attachment":[{"href":"https:\/\/madridartesdigitales.com\/fr\/wp-json\/wp\/v2\/media?parent=23577"}],"curies":[{"name":"wp","href":"https:\/\/api.w.org\/{rel}","templated":true}]}}