{"id":23569,"date":"2023-01-02T09:07:48","date_gmt":"2023-01-02T09:07:48","guid":{"rendered":"https:\/\/leadersofnow.com\/?page_id=23569"},"modified":"2023-02-15T15:22:12","modified_gmt":"2023-02-15T15:22:12","slug":"newsletter-3","status":"publish","type":"page","link":"https:\/\/madridartesdigitales.com\/fr\/newsletter-3\/","title":{"rendered":"Newsletter"},"content":{"rendered":"\t\t<div data-elementor-type=\"wp-page\" data-elementor-id=\"23569\" class=\"elementor elementor-23569\" data-elementor-post-type=\"page\">\n\t\t\t\t\t\t<section class=\"elementor-section-with-custom-width elementor-section elementor-top-section elementor-element elementor-element-6f9b129 elementor-section-height-full elementor-section-boxed elementor-section-height-default elementor-section-items-middle sc_fly_static\" data-id=\"6f9b129\" data-element_type=\"section\" data-e-type=\"section\" data-settings=\"{&quot;background_background&quot;:&quot;classic&quot;}\">\n\t\t\t\t\t\t<div class=\"elementor-container elementor-column-gap-extended\">\n\t\t\t\t\t<div class=\"elementor-column elementor-col-100 elementor-top-column elementor-element elementor-element-24360e7 sc_content_align_inherit sc_layouts_column_icons_position_left sc_fly_static\" data-id=\"24360e7\" data-element_type=\"column\" data-e-type=\"column\">\n\t\t\t<div class=\"elementor-widget-wrap elementor-element-populated\">\n\t\t\t\t\t\t<div class=\"elementor-element elementor-element-8c4ad60 sc_fly_static elementor-widget elementor-widget-trx_sc_title\" data-id=\"8c4ad60\" data-element_type=\"widget\" data-e-type=\"widget\" data-widget_type=\"trx_sc_title.default\">\n\t\t\t\t<div class=\"elementor-widget-container\">\n\t\t\t\t\t<div\t\tclass=\"sc_title sc_title_default\" ><h2 class=\"sc_item_title sc_title_title sc_item_title_style_default sc_item_title_tag\"\n\t\t\t><span class=\"sc_item_title_text\">Newsletter<\/span><\/h2><\/div>\t\t\t\t<\/div>\n\t\t\t\t<\/div>\n\t\t\t\t<div class=\"elementor-element elementor-element-0d82b28 sc_fly_static elementor-widget elementor-widget-spacer\" data-id=\"0d82b28\" data-element_type=\"widget\" data-e-type=\"widget\" data-widget_type=\"spacer.default\">\n\t\t\t\t<div class=\"elementor-widget-container\">\n\t\t\t\t\t\t\t<div class=\"elementor-spacer\">\n\t\t\t<div class=\"elementor-spacer-inner\"><\/div>\n\t\t<\/div>\n\t\t\t\t\t\t<\/div>\n\t\t\t\t<\/div>\n\t\t\t\t<div class=\"elementor-element elementor-element-e414f80 sc_fly_static elementor-widget elementor-widget-text-editor\" data-id=\"e414f80\" data-element_type=\"widget\" data-e-type=\"widget\" data-widget_type=\"text-editor.default\">\n\t\t\t\t<div class=\"elementor-widget-container\">\n\t\t\t\t\t\t\t\t\t<p>Si vous souhaitez \u00eatre le premier \u00e0 d\u00e9couvrir toutes les actualit\u00e9s de\u00a0<strong>Madrid Artes Digitales,<\/strong> b\u00e9n\u00e9ficier <strong>d\u2019avantages exclusifs et recevoir des\u00a0informations<\/strong>\u00a0sur nos productions, abonnez-vous ici \u00e0 notre newsletter.<\/p>\t\t\t\t\t\t\t\t<\/div>\n\t\t\t\t<\/div>\n\t\t\t\t<div class=\"elementor-element elementor-element-3603ef4 sc_fly_static elementor-widget elementor-widget-spacer\" data-id=\"3603ef4\" data-element_type=\"widget\" data-e-type=\"widget\" data-widget_type=\"spacer.default\">\n\t\t\t\t<div class=\"elementor-widget-container\">\n\t\t\t\t\t\t\t<div class=\"elementor-spacer\">\n\t\t\t<div class=\"elementor-spacer-inner\"><\/div>\n\t\t<\/div>\n\t\t\t\t\t\t<\/div>\n\t\t\t\t<\/div>\n\t\t\t\t<div class=\"elementor-element elementor-element-f62ea0e sc_fly_static elementor-widget elementor-widget-shortcode\" data-id=\"f62ea0e\" data-element_type=\"widget\" data-e-type=\"widget\" data-widget_type=\"shortcode.default\">\n\t\t\t\t<div class=\"elementor-widget-container\">\n\t\t\t\t\t\t\t<div class=\"elementor-shortcode\">\n\t\t\t<form id=\"sib_signup_form_3\" method=\"post\" class=\"sib_signup_form\">\n\t\t\t\t<div class=\"sib_loader\" style=\"display:none;\"><img\n\t\t\t\t\t\t\tsrc=\"https:\/\/madridartesdigitales.com\/wp-includes\/images\/spinner.gif\" alt=\"loader\"><\/div>\n\t\t\t\t<input type=\"hidden\" name=\"sib_form_action\" value=\"subscribe_form_submit\">\n\t\t\t\t<input type=\"hidden\" name=\"sib_form_id\" value=\"3\">\n                <input type=\"hidden\" name=\"sib_form_alert_notice\" value=\"Veuillez remplir ce champ\">\n                <input type=\"hidden\" name=\"sib_form_invalid_email_notice\" value=\"Votre adresse \u00e9lectronique n&#039;est pas valide\">\n                <input type=\"hidden\" name=\"sib_security\" value=\"78248e1985\">\n\t\t\t\t<div class=\"sib_signup_box_inside_3\">\n\t\t\t\t\t<div style=\"\/*display:none*\/\" class=\"sib_msg_disp\">\n\t\t\t\t\t<\/div>\n                    \t\t\t\t\t<p class=\"sib-email-area\">\r\n<input class=\"sib-email-area w-full p-2 text-sm text-white border-b border-white rounded-none ipt-newsletter-email bg-dark\" id=\"mc-email\" type=\"email\" name=\"email\" placeholder=\"Courrier \u00e9lectronique\">\r\n<\/p>\r\n\r\n<div id=\"first-layer-legal\" class=\"w-full h-32 px-4 mt-4 overflow-scroll text-xs uppercase border border-white legal__box\">\r\n<\/div>\r\n\r\n<div class=\"relative z-20 flex mt-3 text-xs\">\r\n<label class=\"relative font-bold acceptance-text newsletter_privacity_text custom__checkbox-label\">\r\n<input type=\"checkbox\" name=\"terms\" required=\"required\" class=\"styled-checkbox\">\r\n<span><p>J\u2019ai lu et j\u2019accepte la <a href=\"https:\/\/madridartesdigitales.com\/fr\/politique-de-confidentialite\/\">politique de confidentialit\u00e9<\/a><\/p><\/span>\r\n<\/label>\r\n<\/div>\r\n\r\n<p>\r\n<input type=\"submit\" class=\"z-20 mt-3 subscribe__button btn btn-primary sib-default-btn\" value=\"Envoyer\">\r\n<\/p>\t\t\t\t<\/div>\n\t\t\t<\/form>\n\t\t\t<style>\n\t\t\t\tform#sib_signup_form_3 p.sib-alert-message {\n    padding: 6px 12px;\n    margin-bottom: 20px;\n    border: 1px solid transparent;\n    border-radius: 4px;\n    -webkit-box-sizing: border-box;\n    -moz-box-sizing: border-box;\n    box-sizing: border-box;\n}\nform#sib_signup_form_3 p.sib-alert-message-error {\n    background-color: #f2dede;\n    border-color: #ebccd1;\n    color: #a94442;\n}\nform#sib_signup_form_3 p.sib-alert-message-success {\n    background-color: #dff0d8;\n    border-color: #d6e9c6;\n    color: #3c763d;\n}\nform#sib_signup_form_3 p.sib-alert-message-warning {\n    background-color: #fcf8e3;\n    border-color: #faebcc;\n    color: #8a6d3b;\n}\n\t\t\t<\/style>\n\t\t\t<\/div>\n\t\t\t\t\t\t<\/div>\n\t\t\t\t<\/div>\n\t\t\t\t\t<\/div>\n\t\t<\/div>\n\t\t\t\t\t<\/div>\n\t\t<\/section>\n\t\t\t\t<\/div>\n\t\t","protected":false},"excerpt":{"rendered":"<p>Newsletter Si vous souhaitez \u00eatre le premier \u00e0 d\u00e9couvrir toutes les actualit\u00e9s de\u00a0Madrid Artes Digitales, b\u00e9n\u00e9ficier d\u2019avantages exclusifs et recevoir des\u00a0informations\u00a0sur nos productions, abonnez-vous ici \u00e0 notre newsletter.<\/p>\n","protected":false},"author":1,"featured_media":23237,"parent":0,"menu_order":0,"comment_status":"closed","ping_status":"closed","template":"","meta":{"content-type":"","inline_featured_image":false,"footnotes":""},"class_list":["post-23569","page","type-page","status-publish","has-post-thumbnail","hentry"],"yoast_head":"<!-- This site is optimized with the Yoast SEO plugin v27.3 - https:\/\/yoast.com\/product\/yoast-seo-wordpress\/ -->\n<title>Newsletter &#8211; Madrid Artes Digitales<\/title>\n<meta name=\"description\" content=\"Si vous voulez conna\u00eetre toutes les derni\u00e8res nouvelles concernant Madrid Artes Digitales, et b\u00e9n\u00e9ficier d&#039;avantages exclusifs, inscrivez-vous \u00e0 notre newsletter.\" \/>\n<meta name=\"robots\" content=\"index, follow, max-snippet:-1, max-image-preview:large, max-video-preview:-1\" \/>\n<link rel=\"canonical\" href=\"https:\/\/madridartesdigitales.com\/fr\/newsletter-3\/\" \/>\n<meta property=\"og:locale\" content=\"fr_FR\" \/>\n<meta property=\"og:type\" content=\"article\" \/>\n<meta property=\"og:title\" content=\"MAD - Newsletter\" \/>\n<meta property=\"og:description\" content=\"Si vous voulez conna\u00eetre toutes les derni\u00e8res nouvelles concernant Madrid Artes Digitales, et b\u00e9n\u00e9ficier d&#039;avantages exclusifs, inscrivez-vous \u00e0 notre newsletter.\" \/>\n<meta property=\"og:url\" content=\"https:\/\/madridartesdigitales.com\/fr\/newsletter-3\/\" \/>\n<meta property=\"og:site_name\" content=\"Madrid Artes Digitales\" \/>\n<meta property=\"article:publisher\" content=\"https:\/\/www.facebook.com\/MADMadridArtesDigitales\/\" \/>\n<meta property=\"article:modified_time\" content=\"2023-02-15T15:22:12+00:00\" \/>\n<meta property=\"og:image\" content=\"https:\/\/madridartesdigitales.com\/wp-content\/uploads\/2023\/01\/MAD-Matadero-Madrid_0000_8.jpg\" \/>\n\t<meta property=\"og:image:width\" content=\"1000\" \/>\n\t<meta property=\"og:image:height\" content=\"1000\" \/>\n\t<meta property=\"og:image:type\" content=\"image\/jpeg\" \/>\n<meta name=\"twitter:card\" content=\"summary_large_image\" \/>\n<meta name=\"twitter:title\" content=\"MAD - Newsletter\" \/>\n<meta name=\"twitter:description\" content=\"Si vous voulez conna\u00eetre toutes les derni\u00e8res nouvelles concernant Madrid Artes Digitales, et b\u00e9n\u00e9ficier d&#039;avantages exclusifs, inscrivez-vous \u00e0 notre newsletter.\" \/>\n<meta name=\"twitter:image\" content=\"https:\/\/madridartesdigitales.com\/wp-content\/uploads\/2023\/01\/MAD-Matadero-Madrid_0000_8.jpg\" \/>\n<meta name=\"twitter:label1\" content=\"Dur\u00e9e de lecture estim\u00e9e\" \/>\n\t<meta name=\"twitter:data1\" content=\"1 minute\" \/>\n<script type=\"application\/ld+json\" class=\"yoast-schema-graph\">{\"@context\":\"https:\\\/\\\/schema.org\",\"@graph\":[{\"@type\":\"WebPage\",\"@id\":\"https:\\\/\\\/madridartesdigitales.com\\\/fr\\\/newsletter-3\\\/\",\"url\":\"https:\\\/\\\/madridartesdigitales.com\\\/fr\\\/newsletter-3\\\/\",\"name\":\"Newsletter &#8211; Madrid Artes Digitales\",\"isPartOf\":{\"@id\":\"https:\\\/\\\/madridartesdigitales.com\\\/#website\"},\"primaryImageOfPage\":{\"@id\":\"https:\\\/\\\/madridartesdigitales.com\\\/fr\\\/newsletter-3\\\/#primaryimage\"},\"image\":{\"@id\":\"https:\\\/\\\/madridartesdigitales.com\\\/fr\\\/newsletter-3\\\/#primaryimage\"},\"thumbnailUrl\":\"https:\\\/\\\/madridartesdigitales.com\\\/wp-content\\\/uploads\\\/2023\\\/01\\\/MAD-Matadero-Madrid_0000_8.jpg\",\"datePublished\":\"2023-01-02T09:07:48+00:00\",\"dateModified\":\"2023-02-15T15:22:12+00:00\",\"description\":\"Si vous voulez conna\u00eetre toutes les derni\u00e8res nouvelles concernant Madrid Artes Digitales, et b\u00e9n\u00e9ficier d'avantages exclusifs, inscrivez-vous \u00e0 notre newsletter.\",\"breadcrumb\":{\"@id\":\"https:\\\/\\\/madridartesdigitales.com\\\/fr\\\/newsletter-3\\\/#breadcrumb\"},\"inLanguage\":\"fr-FR\",\"potentialAction\":[{\"@type\":\"ReadAction\",\"target\":[\"https:\\\/\\\/madridartesdigitales.com\\\/fr\\\/newsletter-3\\\/\"]}]},{\"@type\":\"ImageObject\",\"inLanguage\":\"fr-FR\",\"@id\":\"https:\\\/\\\/madridartesdigitales.com\\\/fr\\\/newsletter-3\\\/#primaryimage\",\"url\":\"https:\\\/\\\/madridartesdigitales.com\\\/wp-content\\\/uploads\\\/2023\\\/01\\\/MAD-Matadero-Madrid_0000_8.jpg\",\"contentUrl\":\"https:\\\/\\\/madridartesdigitales.com\\\/wp-content\\\/uploads\\\/2023\\\/01\\\/MAD-Matadero-Madrid_0000_8.jpg\",\"width\":1000,\"height\":1000},{\"@type\":\"BreadcrumbList\",\"@id\":\"https:\\\/\\\/madridartesdigitales.com\\\/fr\\\/newsletter-3\\\/#breadcrumb\",\"itemListElement\":[{\"@type\":\"ListItem\",\"position\":1,\"name\":\"Home\",\"item\":\"https:\\\/\\\/madridartesdigitales.com\\\/en\\\/\"},{\"@type\":\"ListItem\",\"position\":2,\"name\":\"Newsletter\"}]},{\"@type\":\"WebSite\",\"@id\":\"https:\\\/\\\/madridartesdigitales.com\\\/#website\",\"url\":\"https:\\\/\\\/madridartesdigitales.com\\\/\",\"name\":\"Madrid Artes Digitales\",\"description\":\"Exposiciones inmersivas en Matadero Madrid\",\"publisher\":{\"@id\":\"https:\\\/\\\/madridartesdigitales.com\\\/#organization\"},\"alternateName\":\"MAD\",\"potentialAction\":[{\"@type\":\"SearchAction\",\"target\":{\"@type\":\"EntryPoint\",\"urlTemplate\":\"https:\\\/\\\/madridartesdigitales.com\\\/?s={search_term_string}\"},\"query-input\":{\"@type\":\"PropertyValueSpecification\",\"valueRequired\":true,\"valueName\":\"search_term_string\"}}],\"inLanguage\":\"fr-FR\"},{\"@type\":\"Organization\",\"@id\":\"https:\\\/\\\/madridartesdigitales.com\\\/#organization\",\"name\":\"Madrid Artes Digitales\",\"alternateName\":\"MAD\",\"url\":\"https:\\\/\\\/madridartesdigitales.com\\\/\",\"logo\":{\"@type\":\"ImageObject\",\"inLanguage\":\"fr-FR\",\"@id\":\"https:\\\/\\\/madridartesdigitales.com\\\/#\\\/schema\\\/logo\\\/image\\\/\",\"url\":\"https:\\\/\\\/madridartesdigitales.com\\\/wp-content\\\/uploads\\\/2022\\\/12\\\/cropped-cropped-MAD_Brand_mad-favicon.webp\",\"contentUrl\":\"https:\\\/\\\/madridartesdigitales.com\\\/wp-content\\\/uploads\\\/2022\\\/12\\\/cropped-cropped-MAD_Brand_mad-favicon.webp\",\"width\":512,\"height\":512,\"caption\":\"Madrid Artes Digitales\"},\"image\":{\"@id\":\"https:\\\/\\\/madridartesdigitales.com\\\/#\\\/schema\\\/logo\\\/image\\\/\"},\"sameAs\":[\"https:\\\/\\\/www.facebook.com\\\/MADMadridArtesDigitales\\\/\",\"https:\\\/\\\/www.instagram.com\\\/madmadridartesdigitales\",\"https:\\\/\\\/es.linkedin.com\\\/company\\\/mad-madrid-artes-digitales-centro-de-experiencias-inmersiva\"]}]}<\/script>\n<!-- \/ Yoast SEO plugin. -->","yoast_head_json":{"title":"Newsletter &#8211; Madrid Artes Digitales","description":"Si vous voulez conna\u00eetre toutes les derni\u00e8res nouvelles concernant Madrid Artes Digitales, et b\u00e9n\u00e9ficier d'avantages exclusifs, inscrivez-vous \u00e0 notre newsletter.","robots":{"index":"index","follow":"follow","max-snippet":"max-snippet:-1","max-image-preview":"max-image-preview:large","max-video-preview":"max-video-preview:-1"},"canonical":"https:\/\/madridartesdigitales.com\/fr\/newsletter-3\/","og_locale":"fr_FR","og_type":"article","og_title":"MAD - Newsletter","og_description":"Si vous voulez conna\u00eetre toutes les derni\u00e8res nouvelles concernant Madrid Artes Digitales, et b\u00e9n\u00e9ficier d'avantages exclusifs, inscrivez-vous \u00e0 notre newsletter.","og_url":"https:\/\/madridartesdigitales.com\/fr\/newsletter-3\/","og_site_name":"Madrid Artes Digitales","article_publisher":"https:\/\/www.facebook.com\/MADMadridArtesDigitales\/","article_modified_time":"2023-02-15T15:22:12+00:00","og_image":[{"width":1000,"height":1000,"url":"https:\/\/madridartesdigitales.com\/wp-content\/uploads\/2023\/01\/MAD-Matadero-Madrid_0000_8.jpg","type":"image\/jpeg"}],"twitter_card":"summary_large_image","twitter_title":"MAD - Newsletter","twitter_description":"Si vous voulez conna\u00eetre toutes les derni\u00e8res nouvelles concernant Madrid Artes Digitales, et b\u00e9n\u00e9ficier d'avantages exclusifs, inscrivez-vous \u00e0 notre newsletter.","twitter_image":"https:\/\/madridartesdigitales.com\/wp-content\/uploads\/2023\/01\/MAD-Matadero-Madrid_0000_8.jpg","twitter_misc":{"Dur\u00e9e de lecture estim\u00e9e":"1 minute"},"schema":{"@context":"https:\/\/schema.org","@graph":[{"@type":"WebPage","@id":"https:\/\/madridartesdigitales.com\/fr\/newsletter-3\/","url":"https:\/\/madridartesdigitales.com\/fr\/newsletter-3\/","name":"Newsletter &#8211; Madrid Artes Digitales","isPartOf":{"@id":"https:\/\/madridartesdigitales.com\/#website"},"primaryImageOfPage":{"@id":"https:\/\/madridartesdigitales.com\/fr\/newsletter-3\/#primaryimage"},"image":{"@id":"https:\/\/madridartesdigitales.com\/fr\/newsletter-3\/#primaryimage"},"thumbnailUrl":"https:\/\/madridartesdigitales.com\/wp-content\/uploads\/2023\/01\/MAD-Matadero-Madrid_0000_8.jpg","datePublished":"2023-01-02T09:07:48+00:00","dateModified":"2023-02-15T15:22:12+00:00","description":"Si vous voulez conna\u00eetre toutes les derni\u00e8res nouvelles concernant Madrid Artes Digitales, et b\u00e9n\u00e9ficier d'avantages exclusifs, inscrivez-vous \u00e0 notre newsletter.","breadcrumb":{"@id":"https:\/\/madridartesdigitales.com\/fr\/newsletter-3\/#breadcrumb"},"inLanguage":"fr-FR","potentialAction":[{"@type":"ReadAction","target":["https:\/\/madridartesdigitales.com\/fr\/newsletter-3\/"]}]},{"@type":"ImageObject","inLanguage":"fr-FR","@id":"https:\/\/madridartesdigitales.com\/fr\/newsletter-3\/#primaryimage","url":"https:\/\/madridartesdigitales.com\/wp-content\/uploads\/2023\/01\/MAD-Matadero-Madrid_0000_8.jpg","contentUrl":"https:\/\/madridartesdigitales.com\/wp-content\/uploads\/2023\/01\/MAD-Matadero-Madrid_0000_8.jpg","width":1000,"height":1000},{"@type":"BreadcrumbList","@id":"https:\/\/madridartesdigitales.com\/fr\/newsletter-3\/#breadcrumb","itemListElement":[{"@type":"ListItem","position":1,"name":"Home","item":"https:\/\/madridartesdigitales.com\/en\/"},{"@type":"ListItem","position":2,"name":"Newsletter"}]},{"@type":"WebSite","@id":"https:\/\/madridartesdigitales.com\/#website","url":"https:\/\/madridartesdigitales.com\/","name":"Madrid Artes Digitales","description":"Exposiciones inmersivas en Matadero Madrid","publisher":{"@id":"https:\/\/madridartesdigitales.com\/#organization"},"alternateName":"MAD","potentialAction":[{"@type":"SearchAction","target":{"@type":"EntryPoint","urlTemplate":"https:\/\/madridartesdigitales.com\/?s={search_term_string}"},"query-input":{"@type":"PropertyValueSpecification","valueRequired":true,"valueName":"search_term_string"}}],"inLanguage":"fr-FR"},{"@type":"Organization","@id":"https:\/\/madridartesdigitales.com\/#organization","name":"Madrid Artes Digitales","alternateName":"MAD","url":"https:\/\/madridartesdigitales.com\/","logo":{"@type":"ImageObject","inLanguage":"fr-FR","@id":"https:\/\/madridartesdigitales.com\/#\/schema\/logo\/image\/","url":"https:\/\/madridartesdigitales.com\/wp-content\/uploads\/2022\/12\/cropped-cropped-MAD_Brand_mad-favicon.webp","contentUrl":"https:\/\/madridartesdigitales.com\/wp-content\/uploads\/2022\/12\/cropped-cropped-MAD_Brand_mad-favicon.webp","width":512,"height":512,"caption":"Madrid Artes Digitales"},"image":{"@id":"https:\/\/madridartesdigitales.com\/#\/schema\/logo\/image\/"},"sameAs":["https:\/\/www.facebook.com\/MADMadridArtesDigitales\/","https:\/\/www.instagram.com\/madmadridartesdigitales","https:\/\/es.linkedin.com\/company\/mad-madrid-artes-digitales-centro-de-experiencias-inmersiva"]}]}},"_links":{"self":[{"href":"https:\/\/madridartesdigitales.com\/fr\/wp-json\/wp\/v2\/pages\/23569","targetHints":{"allow":["GET"]}}],"collection":[{"href":"https:\/\/madridartesdigitales.com\/fr\/wp-json\/wp\/v2\/pages"}],"about":[{"href":"https:\/\/madridartesdigitales.com\/fr\/wp-json\/wp\/v2\/types\/page"}],"author":[{"embeddable":true,"href":"https:\/\/madridartesdigitales.com\/fr\/wp-json\/wp\/v2\/users\/1"}],"replies":[{"embeddable":true,"href":"https:\/\/madridartesdigitales.com\/fr\/wp-json\/wp\/v2\/comments?post=23569"}],"version-history":[{"count":15,"href":"https:\/\/madridartesdigitales.com\/fr\/wp-json\/wp\/v2\/pages\/23569\/revisions"}],"predecessor-version":[{"id":24083,"href":"https:\/\/madridartesdigitales.com\/fr\/wp-json\/wp\/v2\/pages\/23569\/revisions\/24083"}],"wp:featuredmedia":[{"embeddable":true,"href":"https:\/\/madridartesdigitales.com\/fr\/wp-json\/wp\/v2\/media\/23237"}],"wp:attachment":[{"href":"https:\/\/madridartesdigitales.com\/fr\/wp-json\/wp\/v2\/media?parent=23569"}],"curies":[{"name":"wp","href":"https:\/\/api.w.org\/{rel}","templated":true}]}}